  {"id":532,"date":"2023-08-07T15:06:24","date_gmt":"2023-08-07T15:06:24","guid":{"rendered":"https:\/\/www.puce.edu.ec\/servicios-tecnologicos\/?page_id=532"},"modified":"2025-06-18T14:23:50","modified_gmt":"2025-06-18T14:23:50","slug":"puce-app","status":"publish","type":"page","link":"https:\/\/www.puce.edu.ec\/servicios-tecnologicos\/puce-app\/","title":{"rendered":"91影视 APP"},"content":{"rendered":"<p>[et_pb_section fb_built=\u00bb1&#8243; disabled_on=\u00bbon|on|on\u00bb _builder_version=\u00bb4.16&#8243; _module_preset=\u00bbdefault\u00bb use_background_color_gradient=\u00bbon\u00bb background_color_gradient_direction=\u00bb261deg\u00bb background_color_gradient_stops=\u00bb#108891 0%|#00dbab 100%\u00bb background_color_gradient_start=\u00bb#108891&#8243; background_color_gradient_end=\u00bb#00dbab\u00bb background_image=\u00bbhttps:\/\/www.puce.edu.ec\/servicios-tecnologicos\/wp-content\/uploads\/2022\/06\/geometric-bg-overlay-01.jpg\u00bb background_blend=\u00bboverlay\u00bb custom_padding=\u00bb5%||5%||true|false\u00bb disabled=\u00bbon\u00bb global_colors_info=\u00bb{}\u00bb][et_pb_row _builder_version=\u00bb4.16&#8243; global_colors_info=\u00bb{}\u00bb][et_pb_column type=\u00bb4_4&#8243; _builder_version=\u00bb4.16&#8243; custom_padding=\u00bb|||\u00bb global_colors_info=\u00bb{}\u00bb custom_padding__hover=\u00bb|||\u00bb][et_pb_text _builder_version=\u00bb4.18.0&#8243; text_font=\u00bbNunito Sans||||||||\u00bb text_text_color=\u00bb#ffffff\u00bb text_font_size=\u00bb18px\u00bb text_line_height=\u00bb1.8em\u00bb header_font=\u00bbRoboto|900|||||||\u00bb header_font_size=\u00bb45px\u00bb header_line_height=\u00bb1.3em\u00bb header_2_font=\u00bb||||||||\u00bb text_orientation=\u00bbcenter\u00bb background_layout=\u00bbdark\u00bb max_width=\u00bb700px\u00bb module_alignment=\u00bbcenter\u00bb global_colors_info=\u00bb{}\u00bb]<\/p>\n<h1>91影视 APP<\/h1>\n<p>[\/et_pb_text][\/et_pb_column][\/et_pb_row][\/et_pb_section][et_pb_section fb_built=\u00bb1&#8243; _builder_version=\u00bb4.27.0&#8243; _module_preset=\u00bbdefault\u00bb background_color=\u00bb#0C71C3&#8243; background_image=\u00bbhttps:\/\/www.puce.edu.ec\/servicios-tecnologicos\/wp-content\/uploads\/2024\/02\/banner-pag-web-rodi2.jpg\u00bb background_enable_pattern_style=\u00bbon\u00bb background_pattern_style=\u00bbcubes\u00bb custom_padding=\u00bb5%||5%||true|false\u00bb locked=\u00bboff\u00bb global_colors_info=\u00bb{}\u00bb][et_pb_row _builder_version=\u00bb4.16&#8243; global_colors_info=\u00bb{}\u00bb][et_pb_column type=\u00bb4_4&#8243; _builder_version=\u00bb4.16&#8243; custom_padding=\u00bb|||\u00bb global_colors_info=\u00bb{}\u00bb custom_padding__hover=\u00bb|||\u00bb][et_pb_text _builder_version=\u00bb4.27.0&#8243; text_font=\u00bbNunito Sans||||||||\u00bb text_text_color=\u00bb#ffffff\u00bb text_font_size=\u00bb18px\u00bb text_line_height=\u00bb1.8em\u00bb header_font=\u00bbRoboto|900|||||||\u00bb header_font_size=\u00bb45px\u00bb header_line_height=\u00bb1.3em\u00bb header_2_font=\u00bbRoboto|500|||||||\u00bb header_2_font_size=\u00bb30px\u00bb text_orientation=\u00bbcenter\u00bb background_layout=\u00bbdark\u00bb max_width=\u00bb700px\u00bb module_alignment=\u00bbcenter\u00bb link_option_url=\u00bb#inicio\u00bb global_colors_info=\u00bb{}\u00bb]<\/p>\n<h1>91影视 APP<\/h1>\n<p><!--\n\n\n<h2>\u00a1Nueva versi\u00f3n!<\/h2>\n\n-->[\/et_pb_text][et_pb_button button_url=\u00bb#intro\u00bb button_text=\u00bbNovedades de la nueva versi\u00f3n 3.0&#8243; button_alignment=\u00bbcenter\u00bb disabled_on=\u00bboff|off|off\u00bb _builder_version=\u00bb4.27.0&#8243; custom_button=\u00bbon\u00bb button_text_size=\u00bb15px\u00bb button_text_color=\u00bb#ffffff\u00bb button_bg_use_color_gradient=\u00bbon\u00bb button_bg_color_gradient_direction=\u00bb243deg\u00bb button_bg_color_gradient_stops=\u00bb#164284 0%|#00a0dd 100%\u00bb button_bg_color_gradient_start=\u00bb#164284&#8243; button_bg_color_gradient_end=\u00bb#00a0dd\u00bb button_border_width=\u00bb2px\u00bb button_border_color=\u00bb#f2f2f2&#8243; button_border_radius=\u00bb26px\u00bb button_letter_spacing=\u00bb0px\u00bb button_font=\u00bbNunito Sans|800||on|||||\u00bb custom_margin=\u00bb|60px||60px|false|true\u00bb custom_padding=\u00bb15px|30px|15px|30px\u00bb button_text_color_hover=\u00bb#ffffff\u00bb button_border_radius_hover=\u00bb26px\u00bb button_letter_spacing_hover=\u00bb1px\u00bb locked=\u00bboff\u00bb global_colors_info=\u00bb{}\u00bb button_text_size__hover_enabled=\u00bboff\u00bb button_one_text_size__hover_enabled=\u00bboff\u00bb button_two_text_size__hover_enabled=\u00bboff\u00bb button_text_color__hover_enabled=\u00bbon\u00bb button_text_color__hover=\u00bb#ffffff\u00bb button_one_text_color__hover_enabled=\u00bboff\u00bb button_two_text_color__hover_enabled=\u00bboff\u00bb button_border_width__hover_enabled=\u00bbon|desktop\u00bb button_one_border_width__hover_enabled=\u00bboff\u00bb button_two_border_width__hover_enabled=\u00bboff\u00bb button_border_color__hover_enabled=\u00bboff\u00bb button_one_border_color__hover_enabled=\u00bboff\u00bb button_two_border_color__hover_enabled=\u00bboff\u00bb button_border_radius__hover_enabled=\u00bbon\u00bb button_border_radius__hover=\u00bb26px\u00bb button_one_border_radius__hover_enabled=\u00bboff\u00bb button_two_border_radius__hover_enabled=\u00bboff\u00bb button_letter_spacing__hover_enabled=\u00bbon|desktop\u00bb button_letter_spacing__hover=\u00bb1px\u00bb button_one_letter_spacing__hover_enabled=\u00bboff\u00bb button_two_letter_spacing__hover_enabled=\u00bboff\u00bb button_bg_color__hover_enabled=\u00bboff\u00bb button_one_bg_color__hover_enabled=\u00bboff\u00bb button_two_bg_color__hover_enabled=\u00bboff\u00bb button_border_width__hover=\u00bb2px\u00bb][\/et_pb_button][et_pb_button button_url=\u00bb@ET-DC@eyJkeW5hbWljIjp0cnVlLCJjb250ZW50IjoicG9zdF9saW5rX3VybF9wYWdlIiwic2V0dGluZ3MiOnsicG9zdF9pZCI6Ijg1MSJ9fQ==@\u00bb button_text=\u00bbPasos para instalar la nueva versi\u00f3n\u00bb button_alignment=\u00bbcenter\u00bb disabled_on=\u00bboff|off|off\u00bb _builder_version=\u00bb4.27.0&#8243; _dynamic_attributes=\u00bbbutton_url\u00bb custom_button=\u00bbon\u00bb button_text_size=\u00bb12px\u00bb button_text_color=\u00bb#ffffff\u00bb button_bg_color=\u00bb#02003a\u00bb button_border_width=\u00bb2px\u00bb button_border_color=\u00bb#f2f2f2&#8243; button_border_radius=\u00bb26px\u00bb button_letter_spacing=\u00bb0px\u00bb button_font=\u00bbNunito Sans|800||on|||||\u00bb custom_margin=\u00bb|60px||60px|false|true\u00bb custom_padding=\u00bb15px|30px|15px|30px\u00bb button_text_color_hover=\u00bb#ffffff\u00bb button_border_radius_hover=\u00bb26px\u00bb button_letter_spacing_hover=\u00bb1px\u00bb locked=\u00bboff\u00bb global_colors_info=\u00bb{}\u00bb button_text_size__hover_enabled=\u00bboff\u00bb button_one_text_size__hover_enabled=\u00bboff\u00bb button_two_text_size__hover_enabled=\u00bboff\u00bb button_text_color__hover_enabled=\u00bbon\u00bb button_text_color__hover=\u00bb#ffffff\u00bb button_one_text_color__hover_enabled=\u00bboff\u00bb button_two_text_color__hover_enabled=\u00bboff\u00bb button_border_width__hover_enabled=\u00bbon|desktop\u00bb button_one_border_width__hover_enabled=\u00bboff\u00bb button_two_border_width__hover_enabled=\u00bboff\u00bb button_border_color__hover_enabled=\u00bboff\u00bb button_one_border_color__hover_enabled=\u00bboff\u00bb button_two_border_color__hover_enabled=\u00bboff\u00bb button_border_radius__hover_enabled=\u00bbon\u00bb button_border_radius__hover=\u00bb26px\u00bb button_one_border_radius__hover_enabled=\u00bboff\u00bb button_two_border_radius__hover_enabled=\u00bboff\u00bb button_letter_spacing__hover_enabled=\u00bbon|desktop\u00bb button_letter_spacing__hover=\u00bb1px\u00bb button_one_letter_spacing__hover_enabled=\u00bboff\u00bb button_two_letter_spacing__hover_enabled=\u00bboff\u00bb button_bg_color__hover_enabled=\u00bboff\u00bb button_one_bg_color__hover_enabled=\u00bboff\u00bb button_two_bg_color__hover_enabled=\u00bboff\u00bb button_border_width__hover=\u00bb2px\u00bb][\/et_pb_button][\/et_pb_column][\/et_pb_row][et_pb_row column_structure=\u00bb1_2,1_2&#8243; disabled_on=\u00bbon|on|on\u00bb _builder_version=\u00bb4.27.0&#8243; _module_preset=\u00bbdefault\u00bb custom_padding=\u00bb5px||5px||true|false\u00bb disabled=\u00bbon\u00bb global_colors_info=\u00bb{}\u00bb][et_pb_column type=\u00bb1_2&#8243; _builder_version=\u00bb4.27.0&#8243; _module_preset=\u00bbdefault\u00bb global_colors_info=\u00bb{}\u00bb][et_pb_blurb title=\u00bbAndroid\u00bb url=\u00bb#android\u00bb image_icon_background_color=\u00bb#0fbbff\u00bb image=\u00bbhttps:\/\/www.puce.edu.ec\/servicios-tecnologicos\/wp-content\/uploads\/2024\/08\/android-logo-white.png\u00bb image_icon_width=\u00bb40%\u00bb disabled_on=\u00bboff|off|off\u00bb _builder_version=\u00bb4.27.0&#8243; _module_preset=\u00bbdefault\u00bb header_font=\u00bbRoboto|700|||||||\u00bb header_text_align=\u00bbcenter\u00bb header_text_color=\u00bb#FFFFFF\u00bb header_font_size=\u00bb25px\u00bb background_enable_color=\u00bboff\u00bb image_icon_custom_margin=\u00bb||||false|false\u00bb image_icon_custom_padding=\u00bb20px|20px|20px|20px|true|true\u00bb header_text_shadow_style=\u00bbpreset1&#8243; border_radii_image=\u00bbon|50%|50%|50%|50%\u00bb box_shadow_style_image=\u00bbpreset1&#8243; global_colors_info=\u00bb{}\u00bb transform_styles__hover_enabled=\u00bboff|hover\u00bb transform_scale__hover_enabled=\u00bboff|hover\u00bb transform_translate__hover_enabled=\u00bboff|hover\u00bb transform_rotate__hover_enabled=\u00bboff|hover\u00bb transform_skew__hover_enabled=\u00bboff|hover\u00bb transform_origin__hover_enabled=\u00bboff|hover\u00bb transform_scale__hover=\u00bb110%|110%\u00bb image_icon_background_color__hover=\u00bb#0C71C3&#8243; image_icon_background_color__hover_enabled=\u00bbon|hover\u00bb][\/et_pb_blurb][\/et_pb_column][et_pb_column type=\u00bb1_2&#8243; _builder_version=\u00bb4.27.0&#8243; _module_preset=\u00bbdefault\u00bb global_colors_info=\u00bb{}\u00bb][et_pb_blurb title=\u00bbiOS\u00bb url=\u00bb#ios\u00bb image_icon_background_color=\u00bb#0fbbff\u00bb image=\u00bbhttps:\/\/www.puce.edu.ec\/servicios-tecnologicos\/wp-content\/uploads\/2024\/08\/apple-logo-white.png\u00bb image_icon_width=\u00bb40%\u00bb disabled_on=\u00bboff|off|off\u00bb _builder_version=\u00bb4.27.0&#8243; _module_preset=\u00bbdefault\u00bb header_font=\u00bbRoboto|700|||||||\u00bb header_text_align=\u00bbcenter\u00bb header_text_color=\u00bb#FFFFFF\u00bb header_font_size=\u00bb25px\u00bb background_enable_color=\u00bboff\u00bb image_icon_custom_margin=\u00bb||||false|false\u00bb image_icon_custom_padding=\u00bb20px|20px|20px|20px|true|true\u00bb header_text_shadow_style=\u00bbpreset1&#8243; border_radii_image=\u00bbon|50%|50%|50%|50%\u00bb box_shadow_style_image=\u00bbpreset1&#8243; global_colors_info=\u00bb{}\u00bb image_icon_background_color__hover_enabled=\u00bbon|hover\u00bb image_icon_background_color__hover=\u00bb#0C71C3&#8243;][\/et_pb_blurb][\/et_pb_column][\/et_pb_row][\/et_pb_section][et_pb_section fb_built=\u00bb1&#8243; admin_label=\u00bbV\u00eddeo\u00bb module_id=\u00bbvideo\u00bb _builder_version=\u00bb4.27.0&#8243; background_color=\u00bb#eaf7f3&#8243; custom_padding=\u00bb30px|0px||0px|false|false\u00bb global_colors_info=\u00bb{}\u00bb][et_pb_row admin_label=\u00bbTittle\u00bb _builder_version=\u00bb4.16&#8243; global_colors_info=\u00bb{}\u00bb][et_pb_column type=\u00bb4_4&#8243; _builder_version=\u00bb4.16&#8243; custom_padding=\u00bb|||\u00bb global_colors_info=\u00bb{}\u00bb custom_padding__hover=\u00bb|||\u00bb][et_pb_code _builder_version=\u00bb4.27.0&#8243; _module_preset=\u00bbdefault\u00bb hover_enabled=\u00bb0&#8243; global_colors_info=\u00bb{}\u00bb sticky_enabled=\u00bb0&#8243;]<\/p>\n<div style=\"position: relative; width: 100%; height: 0; padding-top: 56.2500%;<!-- [et_pb_line_break_holder] --> padding-bottom: 0; box-shadow: 0 2px 8px 0 rgba(63,69,81,0.16); margin-top: 1.6em; margin-bottom: 0.9em; overflow: hidden;<!-- [et_pb_line_break_holder] --> border-radius: 8px; will-change: transform;\u00bb><!-- [et_pb_line_break_holder] -->  <iframe loading=\"lazy\" style=\"position: absolute; width: 100%; height: 100%; top: 0; left: 0; border: none; padding: 0;margin: 0;\"<!-- [et_pb_line_break_holder] -->    src=\u00bbhttps:\/\/www.canva.com\/design\/DAGmg2HwVLg\/Lhowvv09GtSrEEnHpSebEQ\/watch?embed\u00bb allowfullscreen=\u00bballowfullscreen\u00bb allow=\u00bbfullscreen\u00bb><!-- [et_pb_line_break_holder] -->  <\/iframe><!-- [et_pb_line_break_holder] --><\/div>\n<p><!-- [et_pb_line_break_holder] --><!--<a href=\"https:\/\/www.canva.com\/design\/DAGmg2HwVLg\/Lhowvv09GtSrEEnHpSebEQ\/watch?utm_content=DAGmg2HwVLg&utm_campaign=designshare&utm_medium=embeds&utm_source=link\" target=\"_blank\" rel=\"noopener\">91影视 APP V 3.2<\/a> -->[\/et_pb_code][et_pb_code disabled_on=\u00bbon|on|on\u00bb _builder_version=\u00bb4.18.0&#8243; _module_preset=\u00bbdefault\u00bb disabled=\u00bbon\u00bb global_colors_info=\u00bb{}\u00bb]<\/p>\n<div style=\"position: relative; width: 100%; height: 0; padding-top: 56.2500%;<!-- [et_pb_line_break_holder] --> padding-bottom: 0; box-shadow: 0 2px 8px 0 rgba(63,69,81,0.16); margin-top: 1.6em; margin-bottom: 0.9em; overflow: hidden;<!-- [et_pb_line_break_holder] --> border-radius: 8px; will-change: transform;\u00bb><!-- [et_pb_line_break_holder] -->  <iframe loading=\"lazy\" style=\"position: absolute; width: 100%; height: 100%; top: 0; left: 0; border: none; padding: 0;margin: 0;\"<!-- [et_pb_line_break_holder] -->    src=\u00bbhttps:\/\/www.canva.com\/design\/DAFqaFpAE-s\/watch?embed\u00bb allowfullscreen=\u00bballowfullscreen\u00bb allow=\u00bbfullscreen\u00bb><!-- [et_pb_line_break_holder] -->  <\/iframe><!-- [et_pb_line_break_holder] --><\/div>\n<p><!-- [et_pb_line_break_holder] -->[\/et_pb_code][\/et_pb_column][\/et_pb_row][et_pb_row column_structure=\u00bb1_2,1_2&#8243; disabled_on=\u00bbon|on|on\u00bb _builder_version=\u00bb4.18.0&#8243; _module_preset=\u00bbdefault\u00bb disabled=\u00bbon\u00bb global_colors_info=\u00bb{}\u00bb][et_pb_column type=\u00bb1_2&#8243; _builder_version=\u00bb4.18.0&#8243; _module_preset=\u00bbdefault\u00bb global_colors_info=\u00bb{}\u00bb][et_pb_text _builder_version=\u00bb4.18.0&#8243; _module_preset=\u00bbdefault\u00bb header_5_font=\u00bbMontserrat|700|||||||\u00bb header_5_text_align=\u00bbcenter\u00bb header_5_text_color=\u00bb#FFFFFF\u00bb header_5_font_size=\u00bb19px\u00bb header_5_line_height=\u00bb1.2em\u00bb background_color=\u00bb#164284&#8243; custom_padding=\u00bb12px|10px|12px|10px|true|true\u00bb link_option_url=\u00bbhttps:\/\/play.google.com\/store\/apps\/details?id=ec.edu.puce.dipuceapp&#038;hl=es_EC&#038;gl=US\u00bb link_option_url_new_window=\u00bbon\u00bb header_5_font_size_last_edited=\u00bboff|desktop\u00bb border_radii=\u00bbon|11px|11px|11px|11px\u00bb global_colors_info=\u00bb{}\u00bb header_5_font_size__hover_enabled=\u00bbon|hover\u00bb header_5_font_size__hover=\u00bb20px\u00bb background__hover_enabled=\u00bbon|hover\u00bb background_color__hover=\u00bb#00a0dd\u00bb background_enable_color__hover=\u00bbon\u00bb]<\/p>\n<h5>Descargar Android<\/h5>\n<p>[\/et_pb_text][\/et_pb_column][et_pb_column type=\u00bb1_2&#8243; _builder_version=\u00bb4.18.0&#8243; _module_preset=\u00bbdefault\u00bb global_colors_info=\u00bb{}\u00bb][et_pb_text _builder_version=\u00bb4.18.0&#8243; _module_preset=\u00bbdefault\u00bb header_5_font=\u00bbMontserrat|700|||||||\u00bb header_5_text_align=\u00bbcenter\u00bb header_5_text_color=\u00bb#FFFFFF\u00bb header_5_font_size=\u00bb19px\u00bb header_5_line_height=\u00bb1.2em\u00bb background_color=\u00bb#164284&#8243; custom_padding=\u00bb12px|10px|12px|10px|true|true\u00bb link_option_url=\u00bbhttps:\/\/apps.apple.com\/ec\/app\/puce-app\/id1637743052&#8243; link_option_url_new_window=\u00bbon\u00bb border_radii=\u00bbon|11px|11px|11px|11px\u00bb locked=\u00bboff\u00bb global_colors_info=\u00bb{}\u00bb background_color__hover=\u00bb#00a0dd\u00bb background__hover_enabled=\u00bbon|hover\u00bb header_5_font_size__hover=\u00bb20px\u00bb header_5_font_size__hover_enabled=\u00bbon|hover\u00bb background_enable_color__hover=\u00bbon\u00bb]<\/p>\n<h5>Descargar iOS<\/h5>\n<p>[\/et_pb_text][\/et_pb_column][\/et_pb_row][\/et_pb_section][et_pb_section fb_built=\u00bb1&#8243; admin_label=\u00bbIntro\u00bb module_id=\u00bbintro\u00bb _builder_version=\u00bb4.27.0&#8243; background_color=\u00bb#FFFFFF\u00bb custom_padding=\u00bb30px|0px|150px|0px|false|false\u00bb global_colors_info=\u00bb{}\u00bb][et_pb_row column_structure=\u00bb3_4,1_4&#8243; disabled_on=\u00bboff|off|off\u00bb _builder_version=\u00bb4.18.0&#8243; _module_preset=\u00bbdefault\u00bb global_colors_info=\u00bb{}\u00bb][et_pb_column type=\u00bb3_4&#8243; _builder_version=\u00bb4.18.0&#8243; _module_preset=\u00bbdefault\u00bb global_colors_info=\u00bb{}\u00bb][et_pb_text _builder_version=\u00bb4.27.0&#8243; text_font=\u00bbRoboto|300|||||||\u00bb text_text_color=\u00bb#717170&#8243; text_font_size=\u00bb18px\u00bb header_font=\u00bb||||||||\u00bb header_text_align=\u00bbleft\u00bb header_2_font=\u00bbNunito Sans|700|||||||\u00bb header_2_text_color=\u00bb#535b7c\u00bb header_2_font_size=\u00bb35px\u00bb header_2_line_height=\u00bb1.3em\u00bb header_3_font=\u00bbRoboto|700|||||||\u00bb header_3_text_color=\u00bb#0C71C3&#8243; header_3_font_size=\u00bb26px\u00bb module_alignment=\u00bbcenter\u00bb locked=\u00bboff\u00bb global_colors_info=\u00bb{}\u00bb]<\/p>\n<h2>91影视APP 3.0<\/h2>\n<p><!-- --<\/p>\n\n\n\n<p>Esta nueva versi\u00f3n, contiene mejoras sustanciales de estabilidad, compatibilidad, menor tama\u00f1o de descarga y nuevos servicios.<\/p>\n\n\n\n<p>Est\u00e1 enfocada en toda la comunidad 91影视, principalmente en los estudiantes, que son el deber ser de la Universidad, en la palma de tu mano.<\/p>\n\n\n\n<p>xx<\/p>\n\n\n\n<p><!-- --><br \/>Estamos emocionados de anunciar el lanzamiento de la \u00faltima versi\u00f3n de la 91影视APP, dise\u00f1ada para mejorar tu experiencia en nuestra universidad. En esta actualizaci\u00f3n, hemos trabajado arduamente para ofrecerte una herramienta a\u00fan m\u00e1s potente y eficiente.<\/p>\n<h2>\u00bfQu\u00e9 hay de nuevo?<\/h2>\n<h3>Mayor Estabilidad<\/h3>\n<p>Hemos realizado mejoras significativas en la estabilidad del aplicativo. Esto se traduce en una experiencia m\u00e1s confiable y continua. Tu tiempo es valioso, y queremos asegurarnos de que tengas acceso constante a los servicios universitarios que necesitas.<\/p>\n<h3>Interfaz Renovada<\/h3>\n<p>La nueva interfaz ofrece un dise\u00f1o m\u00e1s moderno y accesible, facilitando el acceso a varias herramientas y recursos que ofrece la universidad.<\/p>\n<h3>Mejor Compatibilidad<\/h3>\n<p>Ahora nuestro aplicativo es compatible con una gama m\u00e1s amplia de dispositivos. Ya sea que utilices un smartphone con Android o iOS, disfrutar\u00e1s de un rendimiento fluido y sin interrupciones.<\/p>\n<h3>Optimizaci\u00f3n de Funcionalidades<\/h3>\n<p>Adem\u00e1s de las mejoras t\u00e9cnicas, hemos optimizado diversas funciones para que la navegaci\u00f3n sea m\u00e1s intuitiva y eficiente. Desde la interacci\u00f3n con consulta de notas, actualizaci\u00f3n de datos, hasta noticias y calendario acad\u00e9mico, todo est\u00e1 dise\u00f1ado para que encuentres lo que necesitas de manera r\u00e1pida y sencilla.<\/p>\n<h2>\u00a1Estamos aqu\u00ed para ti!<\/h2>\n<p>Nuestro equipo sigue comprometido en ofrecerte el mejor soporte. Si encuentras alguna duda o necesitas asistencia, no dudes en ponerte en contacto:<\/p>\n<ul>\n<li>Mesa de Servicios Tecnol\u00f3gicos RO-DI: <a href=\"https:\/\/rodi.puce.edu.ec\/\"><strong>https:\/\/rodi.puce.edu.ec\/<\/strong><\/a><\/li>\n<li>Correo para soporte exclusivo de la 91影视APP: <strong><a href=\"mailto:soporteapp@puce.edu.ec\">soporteapp@puce.edu.ec<\/a><\/strong><\/li>\n<\/ul>\n<p>Agradecemos tu continuo apoyo y confianza. <strong>\u00a1Descarga la nueva versi\u00f3n y aprovecha al m\u00e1ximo todas las mejoras que hemos implementado!<\/strong><\/p>\n<p>[\/et_pb_text][\/et_pb_column][et_pb_column type=\u00bb1_4&#8243; _builder_version=\u00bb4.18.0&#8243; _module_preset=\u00bbdefault\u00bb global_colors_info=\u00bb{}\u00bb][et_pb_image src=\u00bbhttps:\/\/www.puce.edu.ec\/servicios-tecnologicos\/wp-content\/uploads\/2024\/08\/puceapp-btn-googleplay.png\u00bb title_text=\u00bbpuceapp-btn-googleplay\u00bb url=\u00bbhttps:\/\/play.google.com\/store\/apps\/details?id=ec.edu.puce.dipuceapp\u00bb url_new_window=\u00bbon\u00bb align=\u00bbcenter\u00bb _builder_version=\u00bb4.27.0&#8243; _module_preset=\u00bbdefault\u00bb locked=\u00bboff\u00bb global_colors_info=\u00bb{}\u00bb][\/et_pb_image][et_pb_image src=\u00bbhttps:\/\/www.puce.edu.ec\/servicios-tecnologicos\/wp-content\/uploads\/2024\/08\/puceapp-btn-appstore.png\u00bb title_text=\u00bbpuceapp-btn-appstore\u00bb url=\u00bbhttps:\/\/apps.apple.com\/ec\/app\/puce-app\/id1637743052&#8243; url_new_window=\u00bbon\u00bb align=\u00bbcenter\u00bb _builder_version=\u00bb4.27.0&#8243; _module_preset=\u00bbdefault\u00bb locked=\u00bboff\u00bb global_colors_info=\u00bb{}\u00bb][\/et_pb_image][\/et_pb_column][\/et_pb_row][et_pb_row column_structure=\u00bb1_2,1_2&#8243; disabled_on=\u00bbon|on|on\u00bb _builder_version=\u00bb4.18.0&#8243; _module_preset=\u00bbdefault\u00bb disabled=\u00bbon\u00bb global_colors_info=\u00bb{}\u00bb][et_pb_column type=\u00bb1_2&#8243; _builder_version=\u00bb4.18.0&#8243; _module_preset=\u00bbdefault\u00bb global_colors_info=\u00bb{}\u00bb][et_pb_image src=\u00bbhttps:\/\/www.puce.edu.ec\/servicios-tecnologicos\/wp-content\/uploads\/2024\/08\/puceapp-btn-googleplay.png\u00bb title_text=\u00bbpuceapp-btn-googleplay\u00bb url=\u00bbhttps:\/\/play.google.com\/store\/apps\/details?id=ec.edu.puce.dipuceapp\u00bb url_new_window=\u00bbon\u00bb align=\u00bbcenter\u00bb _builder_version=\u00bb4.27.0&#8243; _module_preset=\u00bbdefault\u00bb locked=\u00bboff\u00bb global_colors_info=\u00bb{}\u00bb][\/et_pb_image][\/et_pb_column][et_pb_column type=\u00bb1_2&#8243; _builder_version=\u00bb4.18.0&#8243; _module_preset=\u00bbdefault\u00bb global_colors_info=\u00bb{}\u00bb][et_pb_image src=\u00bbhttps:\/\/www.puce.edu.ec\/servicios-tecnologicos\/wp-content\/uploads\/2024\/08\/puceapp-btn-appstore.png\u00bb title_text=\u00bbpuceapp-btn-appstore\u00bb url=\u00bbhttps:\/\/apps.apple.com\/ec\/app\/puce-app\/id1637743052&#8243; url_new_window=\u00bbon\u00bb align=\u00bbcenter\u00bb _builder_version=\u00bb4.27.0&#8243; _module_preset=\u00bbdefault\u00bb locked=\u00bboff\u00bb global_colors_info=\u00bb{}\u00bb][\/et_pb_image][\/et_pb_column][\/et_pb_row][\/et_pb_section][et_pb_section fb_built=\u00bb1&#8243; disabled_on=\u00bbon|on|on\u00bb admin_label=\u00bbHeader\u00bb _builder_version=\u00bb4.16&#8243; background_color=\u00bb#FFFFFF\u00bb background_color_gradient_direction=\u00bb135deg\u00bb background_image=\u00bbhttps:\/\/www.puce.edu.ec\/servicios-tecnologicos\/wp-content\/uploads\/2022\/06\/FONDO-1-scaled.jpg\u00bb background_position=\u00bbtop_center\u00bb custom_padding=\u00bb10%|0px|10%|0px|false|false\u00bb animation_style=\u00bbzoom\u00bb animation_direction=\u00bbbottom\u00bb animation_intensity_zoom=\u00bb8%\u00bb animation_starting_opacity=\u00bb100%\u00bb background_color_tablet=\u00bb#FFFFFF\u00bb background_last_edited=\u00bbon|desktop\u00bb background_enable_color_tablet=\u00bbon\u00bb background_enable_image_tablet=\u00bboff\u00bb background_position_tablet=\u00bbtop_left\u00bb disabled=\u00bbon\u00bb locked=\u00bboff\u00bb global_colors_info=\u00bb{}\u00bb][et_pb_row column_structure=\u00bb1_2,1_2&#8243; _builder_version=\u00bb4.16&#8243; global_colors_info=\u00bb{}\u00bb][et_pb_column type=\u00bb1_2&#8243; _builder_version=\u00bb4.16&#8243; custom_padding=\u00bb|||\u00bb global_colors_info=\u00bb{}\u00bb custom_padding__hover=\u00bb|||\u00bb][et_pb_blurb use_icon=\u00bbon\u00bb font_icon=\u00bb&#x70;||divi||400&#8243; icon_color=\u00bb#00a0dd\u00bb _builder_version=\u00bb4.16&#8243; _module_preset=\u00bbdefault\u00bb global_colors_info=\u00bb{}\u00bb][\/et_pb_blurb][et_pb_text _builder_version=\u00bb4.16&#8243; text_font=\u00bbRoboto||||||||\u00bb text_text_color=\u00bb#939390&#8243; text_font_size=\u00bb20px\u00bb header_font=\u00bbRoboto|700|||||||\u00bb header_text_color=\u00bb#575756&#8243; header_font_size=\u00bb45px\u00bb header_line_height=\u00bb1.3em\u00bb header_2_font=\u00bb||||||||\u00bb background_layout=\u00bbdark\u00bb max_width=\u00bb700px\u00bb module_alignment=\u00bbcenter\u00bb global_colors_info=\u00bb{}\u00bb]El estudiante matriculado tiene derecho a utilizar 100 horas de computador en el semestre.<br \/>\n<\/p>\n<ul>\n<li>Puede registrarse dos veces en el d\u00eda utilizando dos horas por cada registro.<\/li>\n<li>Las horas de saldo que tenga el estudiante no son acumulativas para el siguiente semestre ni transferibles a otra persona.<\/li>\n<\/ul>\n<p>[\/et_pb_text][\/et_pb_column][et_pb_column type=\u00bb1_2&#8243; _builder_version=\u00bb4.16&#8243; custom_padding=\u00bb|||\u00bb global_colors_info=\u00bb{}\u00bb custom_padding__hover=\u00bb|||\u00bb][\/et_pb_column][\/et_pb_row][\/et_pb_section]<\/p>\n","protected":false},"excerpt":{"rendered":"<p>91影视 APP91影视 APP<\/p>\n","protected":false},"author":2,"featured_media":0,"parent":0,"menu_order":0,"comment_status":"closed","ping_status":"closed","template":"","meta":{"_et_pb_use_builder":"on","_et_pb_old_content":"","_et_gb_content_width":""},"_links":{"self":[{"href":"https:\/\/www.puce.edu.ec\/servicios-tecnologicos\/wp-json\/wp\/v2\/pages\/532"}],"collection":[{"href":"https:\/\/www.puce.edu.ec\/servicios-tecnologicos\/wp-json\/wp\/v2\/pages"}],"about":[{"href":"https:\/\/www.puce.edu.ec\/servicios-tecnologicos\/wp-json\/wp\/v2\/types\/page"}],"author":[{"embeddable":true,"href":"https:\/\/www.puce.edu.ec\/servicios-tecnologicos\/wp-json\/wp\/v2\/users\/2"}],"replies":[{"embeddable":true,"href":"https:\/\/www.puce.edu.ec\/servicios-tecnologicos\/wp-json\/wp\/v2\/comments?post=532"}],"version-history":[{"count":22,"href":"https:\/\/www.puce.edu.ec\/servicios-tecnologicos\/wp-json\/wp\/v2\/pages\/532\/revisions"}],"predecessor-version":[{"id":1068,"href":"https:\/\/www.puce.edu.ec\/servicios-tecnologicos\/wp-json\/wp\/v2\/pages\/532\/revisions\/1068"}],"wp:attachment":[{"href":"https:\/\/www.puce.edu.ec\/servicios-tecnologicos\/wp-json\/wp\/v2\/media?parent=532"}],"curies":[{"name":"wp","href":"https:\/\/api.w.org\/{rel}","templated":true}]}}